{"id":415,"date":"2023-08-12T19:14:54","date_gmt":"2023-08-12T19:14:54","guid":{"rendered":"https:\/\/murartesanias.com\/?page_id=415"},"modified":"2023-08-31T23:48:14","modified_gmt":"2023-08-31T23:48:14","slug":"politica-de-envio","status":"publish","type":"page","link":"https:\/\/murartesanias.com\/en\/politica-de-envio\/","title":{"rendered":"Shipping policy"},"content":{"rendered":"<div data-elementor-type=\"wp-page\" data-elementor-id=\"415\" class=\"elementor elementor-415\">\n\t\t\t\t\t\t<section class=\"elementor-section elementor-top-section elementor-element elementor-element-3d72a6b elementor-section-boxed elementor-section-height-default elementor-section-height-default\" data-id=\"3d72a6b\" data-element_type=\"section\">\n\t\t\t\t\t\t<div class=\"elementor-container elementor-column-gap-default\">\n\t\t\t\t\t<div class=\"elementor-column elementor-col-100 elementor-top-column elementor-element elementor-element-372315e\" data-id=\"372315e\" data-element_type=\"column\">\n\t\t\t<div class=\"elementor-widget-wrap elementor-element-populated\">\n\t\t\t\t\t\t<div class=\"elementor-element elementor-element-be74a16 elementor-widget elementor-widget-heading\" data-id=\"be74a16\" data-element_type=\"widget\" data-widget_type=\"heading.default\">\n\t\t\t\t<div class=\"elementor-widget-container\">\n\t\t\t<style>\/*! elementor - v3.23.0 - 15-07-2024 *\/\n.elementor-heading-title{padding:0;margin:0;line-height:1}.elementor-widget-heading .elementor-heading-title[class*=elementor-size-]>a{color:inherit;font-size:inherit;line-height:inherit}.elementor-widget-heading .elementor-heading-title.elementor-size-small{font-size:15px}.elementor-widget-heading .elementor-heading-title.elementor-size-medium{font-size:19px}.elementor-widget-heading .elementor-heading-title.elementor-size-large{font-size:29px}.elementor-widget-heading .elementor-heading-title.elementor-size-xl{font-size:39px}.elementor-widget-heading .elementor-heading-title.elementor-size-xxl{font-size:59px}<\/style><h2 class=\"elementor-heading-title elementor-size-default\">Shipping policy<\/h2>\t\t<\/div>\n\t\t\t\t<\/div>\n\t\t\t\t<div class=\"elementor-element elementor-element-1654853 elementor-widget elementor-widget-text-editor\" data-id=\"1654853\" data-element_type=\"widget\" data-widget_type=\"text-editor.default\">\n\t\t\t\t<div class=\"elementor-widget-container\">\n\t\t\t<style>\/*! elementor - v3.23.0 - 15-07-2024 *\/\n.elementor-widget-text-editor.elementor-drop-cap-view-stacked .elementor-drop-cap{background-color:#69727d;color:#fff}.elementor-widget-text-editor.elementor-drop-cap-view-framed .elementor-drop-cap{color:#69727d;border:3px solid;background-color:transparent}.elementor-widget-text-editor:not(.elementor-drop-cap-view-default) .elementor-drop-cap{margin-top:8px}.elementor-widget-text-editor:not(.elementor-drop-cap-view-default) .elementor-drop-cap-letter{width:1em;height:1em}.elementor-widget-text-editor .elementor-drop-cap{float:left;text-align:center;line-height:1;font-size:50px}.elementor-widget-text-editor .elementor-drop-cap-letter{display:inline-block}<\/style>\t\t\t\t<ul><li style=\"text-align: justify;\">The prices shown on murartesanias.com.co include all taxes and additional costs of the products. If appropriate, shipping costs will be reported appropriately and separately. Additional costs to the price, generated by any other expenditure borne by the consumer, will be adequately informed, specifying the reason and value thereof.<\/li><\/ul>\t\t\t\t\t\t<\/div>\n\t\t\t\t<\/div>\n\t\t\t\t<div class=\"elementor-element elementor-element-3278fa0 elementor-widget elementor-widget-text-editor\" data-id=\"3278fa0\" data-element_type=\"widget\" data-widget_type=\"text-editor.default\">\n\t\t\t\t<div class=\"elementor-widget-container\">\n\t\t\t\t\t\t\t<ul>\n \t<li style=\"text-align: justify;\">The shipping cost for each order will be determined by the number of products to be purchased and the destination. The cost of each shipping method is clearly indicated during the checkout process.<\/li>\n<\/ul>\t\t\t\t\t\t<\/div>\n\t\t\t\t<\/div>\n\t\t\t\t<div class=\"elementor-element elementor-element-136fead elementor-widget elementor-widget-text-editor\" data-id=\"136fead\" data-element_type=\"widget\" data-widget_type=\"text-editor.default\">\n\t\t\t\t<div class=\"elementor-widget-container\">\n\t\t\t\t\t\t\t<ul>\n \t<li style=\"text-align: justify;\">All orders are processed and shipped from Monday to Friday within 24 to 48 business hours after payment confirmation through authorized carriers.<\/li>\n<\/ul>\t\t\t\t\t\t<\/div>\n\t\t\t\t<\/div>\n\t\t\t\t<div class=\"elementor-element elementor-element-6dab81c elementor-widget elementor-widget-text-editor\" data-id=\"6dab81c\" data-element_type=\"widget\" data-widget_type=\"text-editor.default\">\n\t\t\t\t<div class=\"elementor-widget-container\">\n\t\t\t\t\t\t\t<ul><li style=\"text-align: justify;\">MUR exercises high standards of diligence in processing and approving orders and will ensure that your order is delivered to the delivery address indicated, in accordance with the delivery option selected.<\/li><\/ul>\t\t\t\t\t\t<\/div>\n\t\t\t\t<\/div>\n\t\t\t\t<div class=\"elementor-element elementor-element-af49941 elementor-widget elementor-widget-text-editor\" data-id=\"af49941\" data-element_type=\"widget\" data-widget_type=\"text-editor.default\">\n\t\t\t\t<div class=\"elementor-widget-container\">\n\t\t\t\t\t\t\t<ul><li style=\"text-align: justify;\">Once the shipment is made, you will receive a confirmation email with the generated tracking number and updates on the status of your shipment (check SPAM if it is the first time you buy from our page).<\/li><\/ul>\t\t\t\t\t\t<\/div>\n\t\t\t\t<\/div>\n\t\t\t\t<div class=\"elementor-element elementor-element-768e219 elementor-widget elementor-widget-text-editor\" data-id=\"768e219\" data-element_type=\"widget\" data-widget_type=\"text-editor.default\">\n\t\t\t\t<div class=\"elementor-widget-container\">\n\t\t\t\t\t\t\t<ul><li style=\"text-align: justify;\">Estimated delivery times are between 3 and 5 business days from the date of shipment.<\/li><\/ul>\t\t\t\t\t\t<\/div>\n\t\t\t\t<\/div>\n\t\t\t\t<div class=\"elementor-element elementor-element-2c839aa elementor-widget elementor-widget-text-editor\" data-id=\"2c839aa\" data-element_type=\"widget\" data-widget_type=\"text-editor.default\">\n\t\t\t\t<div class=\"elementor-widget-container\">\n\t\t\t\t\t\t\t<ul>\n \t<li style=\"text-align: justify;\">We aim to ship our products in the shortest possible time and in the order they are made, however delivery may take longer due to unexpected events. This includes delays due to weather conditions, public order, service interruptions or any related national conditions. Contact us if your order is taking longer than expected at info@murartesanias.com<\/li>\n<\/ul>\t\t\t\t\t\t<\/div>\n\t\t\t\t<\/div>\n\t\t\t\t\t<\/div>\n\t\t<\/div>\n\t\t\t\t\t<\/div>\n\t\t<\/section>\n\t\t\t\t<\/div>","protected":false},"excerpt":{"rendered":"<p>Shipping Policy The prices shown on murartesanias.com.co include all taxes and additional costs of the products. If appropriate, shipping costs will be reported appropriately and separately. Additional costs to the price, generated by any other expenditure borne by the consumer, will be adequately informed, specifying the reason [\u2026]<\/p>","protected":false},"author":1,"featured_media":0,"parent":0,"menu_order":0,"comment_status":"closed","ping_status":"closed","template":"","meta":{"footnotes":""},"class_list":["post-415","page","type-page","status-publish","hentry"],"acf":[],"yoast_head":"<!-- This site is optimized with the Yoast SEO plugin v23.0 - https:\/\/yoast.com\/wordpress\/plugins\/seo\/ -->\n<title>Pol\u00edtica de envio - Mur Artesanias<\/title>\n<meta name=\"robots\" content=\"index, follow, max-snippet:-1, max-image-preview:large, max-video-preview:-1\" \/>\n<link rel=\"canonical\" href=\"https:\/\/murartesanias.com\/en\/politica-de-envio\/\" \/>\n<meta property=\"og:locale\" content=\"en_US\" \/>\n<meta property=\"og:type\" content=\"article\" \/>\n<meta property=\"og:title\" content=\"Pol\u00edtica de envio - Mur Artesanias\" \/>\n<meta property=\"og:description\" content=\"Pol\u00edtica de envio Los precios que se muestran en murartesanias.com.co incluyen todos los impuestos y costos adicionales de los productos. En caso de ser procedente, se informar\u00e1 adecuadamente y por separado los gastos de env\u00edo. Los costos adicionales al precio, generados por cualquier otra erogaci\u00f3n a cargo del consumidor, ser\u00e1 informada adecuadamente, especificando el motivo [&hellip;]\" \/>\n<meta property=\"og:url\" content=\"https:\/\/murartesanias.com\/en\/politica-de-envio\/\" \/>\n<meta property=\"og:site_name\" content=\"Mur Artesanias\" \/>\n<meta property=\"article:publisher\" content=\"https:\/\/www.facebook.com\/murartesanias\/\" \/>\n<meta property=\"article:modified_time\" content=\"2023-08-31T23:48:14+00:00\" \/>\n<meta name=\"twitter:card\" content=\"summary_large_image\" \/>\n<meta name=\"twitter:label1\" content=\"Est. reading time\" \/>\n\t<meta name=\"twitter:data1\" content=\"2 minutes\" \/>\n<script type=\"application\/ld+json\" class=\"yoast-schema-graph\">{\"@context\":\"https:\/\/schema.org\",\"@graph\":[{\"@type\":\"WebPage\",\"@id\":\"https:\/\/murartesanias.com\/politica-de-envio\/\",\"url\":\"https:\/\/murartesanias.com\/politica-de-envio\/\",\"name\":\"Pol\u00edtica de envio - Mur Artesanias\",\"isPartOf\":{\"@id\":\"https:\/\/murartesanias.com\/#website\"},\"datePublished\":\"2023-08-12T19:14:54+00:00\",\"dateModified\":\"2023-08-31T23:48:14+00:00\",\"breadcrumb\":{\"@id\":\"https:\/\/murartesanias.com\/politica-de-envio\/#breadcrumb\"},\"inLanguage\":\"en-US\",\"potentialAction\":[{\"@type\":\"ReadAction\",\"target\":[\"https:\/\/murartesanias.com\/politica-de-envio\/\"]}]},{\"@type\":\"BreadcrumbList\",\"@id\":\"https:\/\/murartesanias.com\/politica-de-envio\/#breadcrumb\",\"itemListElement\":[{\"@type\":\"ListItem\",\"position\":1,\"name\":\"Inicio\",\"item\":\"https:\/\/murartesanias.com\/\"},{\"@type\":\"ListItem\",\"position\":2,\"name\":\"Pol\u00edtica de envio\"}]},{\"@type\":\"WebSite\",\"@id\":\"https:\/\/murartesanias.com\/#website\",\"url\":\"https:\/\/murartesanias.com\/\",\"name\":\"Mur Artesanias\",\"description\":\"Tradicion Hecha Arte\",\"publisher\":{\"@id\":\"https:\/\/murartesanias.com\/#organization\"},\"potentialAction\":[{\"@type\":\"SearchAction\",\"target\":{\"@type\":\"EntryPoint\",\"urlTemplate\":\"https:\/\/murartesanias.com\/?s={search_term_string}\"},\"query-input\":\"required name=search_term_string\"}],\"inLanguage\":\"en-US\"},{\"@type\":\"Organization\",\"@id\":\"https:\/\/murartesanias.com\/#organization\",\"name\":\"Mur Artesanias\",\"url\":\"https:\/\/murartesanias.com\/\",\"logo\":{\"@type\":\"ImageObject\",\"inLanguage\":\"en-US\",\"@id\":\"https:\/\/murartesanias.com\/#\/schema\/logo\/image\/\",\"url\":\"https:\/\/murartesanias.com\/wp-content\/uploads\/2023\/06\/Logo_Mur.png\",\"contentUrl\":\"https:\/\/murartesanias.com\/wp-content\/uploads\/2023\/06\/Logo_Mur.png\",\"width\":130,\"height\":111,\"caption\":\"Mur Artesanias\"},\"image\":{\"@id\":\"https:\/\/murartesanias.com\/#\/schema\/logo\/image\/\"},\"sameAs\":[\"https:\/\/www.facebook.com\/murartesanias\/\",\"https:\/\/www.instagram.com\/murartesanias\/\"]}]}<\/script>\n<!-- \/ Yoast SEO plugin. -->","yoast_head_json":{"title":"Pol\u00edtica de envio - Mur Artesanias","robots":{"index":"index","follow":"follow","max-snippet":"max-snippet:-1","max-image-preview":"max-image-preview:large","max-video-preview":"max-video-preview:-1"},"canonical":"https:\/\/murartesanias.com\/en\/politica-de-envio\/","og_locale":"en_US","og_type":"article","og_title":"Pol\u00edtica de envio - Mur Artesanias","og_description":"Pol\u00edtica de envio Los precios que se muestran en murartesanias.com.co incluyen todos los impuestos y costos adicionales de los productos. En caso de ser procedente, se informar\u00e1 adecuadamente y por separado los gastos de env\u00edo. Los costos adicionales al precio, generados por cualquier otra erogaci\u00f3n a cargo del consumidor, ser\u00e1 informada adecuadamente, especificando el motivo [&hellip;]","og_url":"https:\/\/murartesanias.com\/en\/politica-de-envio\/","og_site_name":"Mur Artesanias","article_publisher":"https:\/\/www.facebook.com\/murartesanias\/","article_modified_time":"2023-08-31T23:48:14+00:00","twitter_card":"summary_large_image","twitter_misc":{"Est. reading time":"2 minutes"},"schema":{"@context":"https:\/\/schema.org","@graph":[{"@type":"WebPage","@id":"https:\/\/murartesanias.com\/politica-de-envio\/","url":"https:\/\/murartesanias.com\/politica-de-envio\/","name":"Pol\u00edtica de envio - Mur Artesanias","isPartOf":{"@id":"https:\/\/murartesanias.com\/#website"},"datePublished":"2023-08-12T19:14:54+00:00","dateModified":"2023-08-31T23:48:14+00:00","breadcrumb":{"@id":"https:\/\/murartesanias.com\/politica-de-envio\/#breadcrumb"},"inLanguage":"en-US","potentialAction":[{"@type":"ReadAction","target":["https:\/\/murartesanias.com\/politica-de-envio\/"]}]},{"@type":"BreadcrumbList","@id":"https:\/\/murartesanias.com\/politica-de-envio\/#breadcrumb","itemListElement":[{"@type":"ListItem","position":1,"name":"Inicio","item":"https:\/\/murartesanias.com\/"},{"@type":"ListItem","position":2,"name":"Pol\u00edtica de envio"}]},{"@type":"WebSite","@id":"https:\/\/murartesanias.com\/#website","url":"https:\/\/murartesanias.com\/","name":"Mur Artesanias","description":"Tradicion Hecha Arte","publisher":{"@id":"https:\/\/murartesanias.com\/#organization"},"potentialAction":[{"@type":"SearchAction","target":{"@type":"EntryPoint","urlTemplate":"https:\/\/murartesanias.com\/?s={search_term_string}"},"query-input":"required name=search_term_string"}],"inLanguage":"en-US"},{"@type":"Organization","@id":"https:\/\/murartesanias.com\/#organization","name":"Mur Artesanias","url":"https:\/\/murartesanias.com\/","logo":{"@type":"ImageObject","inLanguage":"en-US","@id":"https:\/\/murartesanias.com\/#\/schema\/logo\/image\/","url":"https:\/\/murartesanias.com\/wp-content\/uploads\/2023\/06\/Logo_Mur.png","contentUrl":"https:\/\/murartesanias.com\/wp-content\/uploads\/2023\/06\/Logo_Mur.png","width":130,"height":111,"caption":"Mur Artesanias"},"image":{"@id":"https:\/\/murartesanias.com\/#\/schema\/logo\/image\/"},"sameAs":["https:\/\/www.facebook.com\/murartesanias\/","https:\/\/www.instagram.com\/murartesanias\/"]}]}},"_links":{"self":[{"href":"https:\/\/murartesanias.com\/en\/wp-json\/wp\/v2\/pages\/415","targetHints":{"allow":["GET"]}}],"collection":[{"href":"https:\/\/murartesanias.com\/en\/wp-json\/wp\/v2\/pages"}],"about":[{"href":"https:\/\/murartesanias.com\/en\/wp-json\/wp\/v2\/types\/page"}],"author":[{"embeddable":true,"href":"https:\/\/murartesanias.com\/en\/wp-json\/wp\/v2\/users\/1"}],"replies":[{"embeddable":true,"href":"https:\/\/murartesanias.com\/en\/wp-json\/wp\/v2\/comments?post=415"}],"version-history":[{"count":7,"href":"https:\/\/murartesanias.com\/en\/wp-json\/wp\/v2\/pages\/415\/revisions"}],"predecessor-version":[{"id":575,"href":"https:\/\/murartesanias.com\/en\/wp-json\/wp\/v2\/pages\/415\/revisions\/575"}],"wp:attachment":[{"href":"https:\/\/murartesanias.com\/en\/wp-json\/wp\/v2\/media?parent=415"}],"curies":[{"name":"wp","href":"https:\/\/api.w.org\/{rel}","templated":true}]}}