{"id":409,"date":"2023-08-12T19:07:28","date_gmt":"2023-08-12T19:07:28","guid":{"rendered":"https:\/\/murartesanias.com\/?page_id=409"},"modified":"2023-08-12T19:12:41","modified_gmt":"2023-08-12T19:12:41","slug":"terminos-y-condiciones","status":"publish","type":"page","link":"https:\/\/murartesanias.com\/en\/terminos-y-condiciones\/","title":{"rendered":"Terms and Conditions"},"content":{"rendered":"<div data-elementor-type=\"wp-page\" data-elementor-id=\"409\" class=\"elementor elementor-409\">\n\t\t\t\t\t\t<section class=\"elementor-section elementor-top-section elementor-element elementor-element-67bb7b9 elementor-section-boxed elementor-section-height-default elementor-section-height-default\" data-id=\"67bb7b9\" data-element_type=\"section\">\n\t\t\t\t\t\t<div class=\"elementor-container elementor-column-gap-default\">\n\t\t\t\t\t<div class=\"elementor-column elementor-col-100 elementor-top-column elementor-element elementor-element-c8f76d0\" data-id=\"c8f76d0\" data-element_type=\"column\">\n\t\t\t<div class=\"elementor-widget-wrap elementor-element-populated\">\n\t\t\t\t\t\t<div class=\"elementor-element elementor-element-2134d31 elementor-widget elementor-widget-heading\" data-id=\"2134d31\" data-element_type=\"widget\" data-widget_type=\"heading.default\">\n\t\t\t\t<div class=\"elementor-widget-container\">\n\t\t\t<style>\/*! elementor - v3.23.0 - 15-07-2024 *\/\n.elementor-heading-title{padding:0;margin:0;line-height:1}.elementor-widget-heading .elementor-heading-title[class*=elementor-size-]>a{color:inherit;font-size:inherit;line-height:inherit}.elementor-widget-heading .elementor-heading-title.elementor-size-small{font-size:15px}.elementor-widget-heading .elementor-heading-title.elementor-size-medium{font-size:19px}.elementor-widget-heading .elementor-heading-title.elementor-size-large{font-size:29px}.elementor-widget-heading .elementor-heading-title.elementor-size-xl{font-size:39px}.elementor-widget-heading .elementor-heading-title.elementor-size-xxl{font-size:59px}<\/style><h2 class=\"elementor-heading-title elementor-size-default\">Terms and Conditions<\/h2>\t\t<\/div>\n\t\t\t\t<\/div>\n\t\t\t\t<div class=\"elementor-element elementor-element-718bef3 elementor-widget elementor-widget-text-editor\" data-id=\"718bef3\" data-element_type=\"widget\" data-widget_type=\"text-editor.default\">\n\t\t\t\t<div class=\"elementor-widget-container\">\n\t\t\t<style>\/*! elementor - v3.23.0 - 15-07-2024 *\/\n.elementor-widget-text-editor.elementor-drop-cap-view-stacked .elementor-drop-cap{background-color:#69727d;color:#fff}.elementor-widget-text-editor.elementor-drop-cap-view-framed .elementor-drop-cap{color:#69727d;border:3px solid;background-color:transparent}.elementor-widget-text-editor:not(.elementor-drop-cap-view-default) .elementor-drop-cap{margin-top:8px}.elementor-widget-text-editor:not(.elementor-drop-cap-view-default) .elementor-drop-cap-letter{width:1em;height:1em}.elementor-widget-text-editor .elementor-drop-cap{float:left;text-align:center;line-height:1;font-size:50px}.elementor-widget-text-editor .elementor-drop-cap-letter{display:inline-block}<\/style>\t\t\t\t<p style=\"text-align: justify;\">By entering and\/or using this website, the User expressly and voluntarily acknowledges having read, understood and accepted these Terms and Conditions of Use. Therefore, the User agrees to abide by them and comply with all the applicable laws and regulations that are part of Colombian legislation. Additionally, when any User makes use of any services provided on this site, such as, but not limited to: suggestion boxes, blog, chat, contests, raffles, promotions, and surveys, they will automatically be subject to the policies, guidelines , rules, guides, and in general, the terms and conditions applicable to our website. Anyone who does not accept these Terms and Conditions must refrain from accessing the Site and using any information or service provided by it.<\/p>\n<p style=\"text-align: justify;\"><strong>IT IS STRICTLY PROHIBITED TO USE OUR WEBSITE IN AN IMPROPER MANNER, EITHER BY FALSING THE IDENTITY OF A USER, USING PURCHASING AGENTS AND\/OR CARRYING OUT ANY TYPE OF FRAUDULENT ACTIVITY ON OUR WEBSITE.<\/strong><\/p>\n<p style=\"text-align: justify;\">The use of our site and any claim in relation to such use and the material contained therein is regulated by the laws of Colombia. Furthermore, those who decide to enter our site from countries other than Colombia, will do so freely, voluntarily and under their own responsibility and initiative, and therefore it will be their sole responsibility to comply with the local laws that are applicable.<\/p>\n<p style=\"text-align: justify;\">We recommend creating an account so you can make purchases more simply and quickly. Likewise, with an account you can review order history information and order status.<\/p>\t\t\t\t\t\t<\/div>\n\t\t\t\t<\/div>\n\t\t\t\t<div class=\"elementor-element elementor-element-8b2485b elementor-widget elementor-widget-text-editor\" data-id=\"8b2485b\" data-element_type=\"widget\" data-widget_type=\"text-editor.default\">\n\t\t\t\t<div class=\"elementor-widget-container\">\n\t\t\t\t\t\t\t<p style=\"padding-left: 40px;\"><strong>User Responsibility<\/strong><\/p>\n\n<ul>\n \t<li style=\"list-style-type: none;\">\n<ul>\n \t<li>\n<p style=\"text-align: justify;\">By entering this site, the User undertakes to provide correct and true personal information, as well as to update their data whenever required, guaranteeing the authenticity of all data provided and their updates, assuming exclusively the responsibility for any damage derived from any inaccuracy thereof. Likewise, the User is obliged to promptly notify their corresponding entities in the financial or cooperative sector of the loss or theft of their credit card or other instruments provided by them to carry out transactions, such as debit cards, personal codes. , etc., in order for such instruments to be disabled. The User is prohibited from placing on, or transmitting to or from this site any unlawful, threatening, libelous, defamatory, obscene, scandalous, pornographic or profane material, or any other material that could give rise to any civil or criminal liability in the terms of the law.<\/p>\n<\/li>\n \t<li>\n<p class=\"p1\" style=\"text-align: justify;\">Customer agrees not to use any device, software, routine or data to obstruct or attempt to obstruct the proper functioning of the Site and any activity conducted thereon.<\/p>\n<\/li>\n<\/ul>\n<\/li>\n<\/ul>\t\t\t\t\t\t<\/div>\n\t\t\t\t<\/div>\n\t\t\t\t<div class=\"elementor-element elementor-element-0841cfe elementor-widget elementor-widget-text-editor\" data-id=\"0841cfe\" data-element_type=\"widget\" data-widget_type=\"text-editor.default\">\n\t\t\t\t<div class=\"elementor-widget-container\">\n\t\t\t\t\t\t\t<p style=\"padding-left: 40px;\"><strong>TERMS OF SERVICE<\/strong><\/p><ul><li style=\"list-style-type: none;\"><ul><li><p class=\"p1\" style=\"text-align: justify;\">By entering and\/or using our website, the client and\/or consumer expressly and voluntarily accepts that they have read, understood and accepted these Terms and Conditions of Use and that this is done under their exclusive responsibility and risk.<\/p><\/li><\/ul><\/li><\/ul>\t\t\t\t\t\t<\/div>\n\t\t\t\t<\/div>\n\t\t\t\t<div class=\"elementor-element elementor-element-2426034 elementor-widget elementor-widget-text-editor\" data-id=\"2426034\" data-element_type=\"widget\" data-widget_type=\"text-editor.default\">\n\t\t\t\t<div class=\"elementor-widget-container\">\n\t\t\t\t\t\t\t<p style=\"padding-left: 40px;\"><strong>USER STATEMENTS<\/strong><\/p><ul><li style=\"list-style-type: none;\"><ul><li><p class=\"p1\" style=\"text-align: justify;\">By entering this site, I declare that the information provided here agrees with reality and I assume full responsibility for its veracity. Likewise, I undertake to update this information in the event of any modification or change.\u00a0\u00a0\u00a0\u00a0<\/p><\/li><\/ul><\/li><\/ul>\t\t\t\t\t\t<\/div>\n\t\t\t\t<\/div>\n\t\t\t\t<div class=\"elementor-element elementor-element-3a5dae2 elementor-widget elementor-widget-text-editor\" data-id=\"3a5dae2\" data-element_type=\"widget\" data-widget_type=\"text-editor.default\">\n\t\t\t\t<div class=\"elementor-widget-container\">\n\t\t\t\t\t\t\t<p style=\"padding-left: 40px;\"><strong>INTELLECTUAL PROPERTY RIGHTS<\/strong><\/p><ul><li style=\"list-style-type: none;\"><ul><li><p class=\"p1\">All intellectual property rights, as well as trademarks and copyrights contained on our website www.murartesanias.com belong to MUR ARTESANIAS SAS or its licensors. Any use of murartesanias.com.co or its content, including copying or storing all or part of said content, other than for the client&#039;s personal use or non-commercial use, is prohibited without the permission of MUR.<\/p><\/li><\/ul><\/li><\/ul>\t\t\t\t\t\t<\/div>\n\t\t\t\t<\/div>\n\t\t\t\t\t<\/div>\n\t\t<\/div>\n\t\t\t\t\t<\/div>\n\t\t<\/section>\n\t\t\t\t<\/div>","protected":false},"excerpt":{"rendered":"<p>Terms and conditions By entering and\/or using this website, the User expressly and voluntarily acknowledges having read, understood and accepted these Terms and Conditions of Use. Therefore, the User agrees to abide by them and comply with all applicable laws and regulations that are part [\u2026]<\/p>","protected":false},"author":1,"featured_media":0,"parent":0,"menu_order":0,"comment_status":"closed","ping_status":"closed","template":"","meta":{"footnotes":""},"class_list":["post-409","page","type-page","status-publish","hentry"],"acf":[],"yoast_head":"<!-- This site is optimized with the Yoast SEO plugin v23.0 - https:\/\/yoast.com\/wordpress\/plugins\/seo\/ -->\n<title>T\u00e9rminos y Condiciones - Mur Artesanias<\/title>\n<meta name=\"robots\" content=\"index, follow, max-snippet:-1, max-image-preview:large, max-video-preview:-1\" \/>\n<link rel=\"canonical\" href=\"https:\/\/murartesanias.com\/en\/terminos-y-condiciones\/\" \/>\n<meta property=\"og:locale\" content=\"en_US\" \/>\n<meta property=\"og:type\" content=\"article\" \/>\n<meta property=\"og:title\" content=\"T\u00e9rminos y Condiciones - Mur Artesanias\" \/>\n<meta property=\"og:description\" content=\"T\u00e9rminos y condiciones Al ingresar y\/o usar este sitio web, el Usuario admite de manera expresa y voluntaria haber le\u00eddo, entendido y aceptado estos T\u00e9rminos y Condiciones de Uso. Por lo tanto, el Usuario est\u00e1 de acuerdo en acogerse a los mismos y cumplir con todas las leyes y los reglamentos aplicables que hagan parte [&hellip;]\" \/>\n<meta property=\"og:url\" content=\"https:\/\/murartesanias.com\/en\/terminos-y-condiciones\/\" \/>\n<meta property=\"og:site_name\" content=\"Mur Artesanias\" \/>\n<meta property=\"article:publisher\" content=\"https:\/\/www.facebook.com\/murartesanias\/\" \/>\n<meta property=\"article:modified_time\" content=\"2023-08-12T19:12:41+00:00\" \/>\n<meta name=\"twitter:card\" content=\"summary_large_image\" \/>\n<meta name=\"twitter:label1\" content=\"Est. reading time\" \/>\n\t<meta name=\"twitter:data1\" content=\"3 minutes\" \/>\n<script type=\"application\/ld+json\" class=\"yoast-schema-graph\">{\"@context\":\"https:\/\/schema.org\",\"@graph\":[{\"@type\":\"WebPage\",\"@id\":\"https:\/\/murartesanias.com\/terminos-y-condiciones\/\",\"url\":\"https:\/\/murartesanias.com\/terminos-y-condiciones\/\",\"name\":\"T\u00e9rminos y Condiciones - Mur Artesanias\",\"isPartOf\":{\"@id\":\"https:\/\/murartesanias.com\/#website\"},\"datePublished\":\"2023-08-12T19:07:28+00:00\",\"dateModified\":\"2023-08-12T19:12:41+00:00\",\"breadcrumb\":{\"@id\":\"https:\/\/murartesanias.com\/terminos-y-condiciones\/#breadcrumb\"},\"inLanguage\":\"en-US\",\"potentialAction\":[{\"@type\":\"ReadAction\",\"target\":[\"https:\/\/murartesanias.com\/terminos-y-condiciones\/\"]}]},{\"@type\":\"BreadcrumbList\",\"@id\":\"https:\/\/murartesanias.com\/terminos-y-condiciones\/#breadcrumb\",\"itemListElement\":[{\"@type\":\"ListItem\",\"position\":1,\"name\":\"Inicio\",\"item\":\"https:\/\/murartesanias.com\/\"},{\"@type\":\"ListItem\",\"position\":2,\"name\":\"T\u00e9rminos y Condiciones\"}]},{\"@type\":\"WebSite\",\"@id\":\"https:\/\/murartesanias.com\/#website\",\"url\":\"https:\/\/murartesanias.com\/\",\"name\":\"Mur Artesanias\",\"description\":\"Tradicion Hecha Arte\",\"publisher\":{\"@id\":\"https:\/\/murartesanias.com\/#organization\"},\"potentialAction\":[{\"@type\":\"SearchAction\",\"target\":{\"@type\":\"EntryPoint\",\"urlTemplate\":\"https:\/\/murartesanias.com\/?s={search_term_string}\"},\"query-input\":\"required name=search_term_string\"}],\"inLanguage\":\"en-US\"},{\"@type\":\"Organization\",\"@id\":\"https:\/\/murartesanias.com\/#organization\",\"name\":\"Mur Artesanias\",\"url\":\"https:\/\/murartesanias.com\/\",\"logo\":{\"@type\":\"ImageObject\",\"inLanguage\":\"en-US\",\"@id\":\"https:\/\/murartesanias.com\/#\/schema\/logo\/image\/\",\"url\":\"https:\/\/murartesanias.com\/wp-content\/uploads\/2023\/06\/Logo_Mur.png\",\"contentUrl\":\"https:\/\/murartesanias.com\/wp-content\/uploads\/2023\/06\/Logo_Mur.png\",\"width\":130,\"height\":111,\"caption\":\"Mur Artesanias\"},\"image\":{\"@id\":\"https:\/\/murartesanias.com\/#\/schema\/logo\/image\/\"},\"sameAs\":[\"https:\/\/www.facebook.com\/murartesanias\/\",\"https:\/\/www.instagram.com\/murartesanias\/\"]}]}<\/script>\n<!-- \/ Yoast SEO plugin. -->","yoast_head_json":{"title":"T\u00e9rminos y Condiciones - Mur Artesanias","robots":{"index":"index","follow":"follow","max-snippet":"max-snippet:-1","max-image-preview":"max-image-preview:large","max-video-preview":"max-video-preview:-1"},"canonical":"https:\/\/murartesanias.com\/en\/terminos-y-condiciones\/","og_locale":"en_US","og_type":"article","og_title":"T\u00e9rminos y Condiciones - Mur Artesanias","og_description":"T\u00e9rminos y condiciones Al ingresar y\/o usar este sitio web, el Usuario admite de manera expresa y voluntaria haber le\u00eddo, entendido y aceptado estos T\u00e9rminos y Condiciones de Uso. Por lo tanto, el Usuario est\u00e1 de acuerdo en acogerse a los mismos y cumplir con todas las leyes y los reglamentos aplicables que hagan parte [&hellip;]","og_url":"https:\/\/murartesanias.com\/en\/terminos-y-condiciones\/","og_site_name":"Mur Artesanias","article_publisher":"https:\/\/www.facebook.com\/murartesanias\/","article_modified_time":"2023-08-12T19:12:41+00:00","twitter_card":"summary_large_image","twitter_misc":{"Est. reading time":"3 minutes"},"schema":{"@context":"https:\/\/schema.org","@graph":[{"@type":"WebPage","@id":"https:\/\/murartesanias.com\/terminos-y-condiciones\/","url":"https:\/\/murartesanias.com\/terminos-y-condiciones\/","name":"T\u00e9rminos y Condiciones - Mur Artesanias","isPartOf":{"@id":"https:\/\/murartesanias.com\/#website"},"datePublished":"2023-08-12T19:07:28+00:00","dateModified":"2023-08-12T19:12:41+00:00","breadcrumb":{"@id":"https:\/\/murartesanias.com\/terminos-y-condiciones\/#breadcrumb"},"inLanguage":"en-US","potentialAction":[{"@type":"ReadAction","target":["https:\/\/murartesanias.com\/terminos-y-condiciones\/"]}]},{"@type":"BreadcrumbList","@id":"https:\/\/murartesanias.com\/terminos-y-condiciones\/#breadcrumb","itemListElement":[{"@type":"ListItem","position":1,"name":"Inicio","item":"https:\/\/murartesanias.com\/"},{"@type":"ListItem","position":2,"name":"T\u00e9rminos y Condiciones"}]},{"@type":"WebSite","@id":"https:\/\/murartesanias.com\/#website","url":"https:\/\/murartesanias.com\/","name":"Mur Artesanias","description":"Tradicion Hecha Arte","publisher":{"@id":"https:\/\/murartesanias.com\/#organization"},"potentialAction":[{"@type":"SearchAction","target":{"@type":"EntryPoint","urlTemplate":"https:\/\/murartesanias.com\/?s={search_term_string}"},"query-input":"required name=search_term_string"}],"inLanguage":"en-US"},{"@type":"Organization","@id":"https:\/\/murartesanias.com\/#organization","name":"Mur Artesanias","url":"https:\/\/murartesanias.com\/","logo":{"@type":"ImageObject","inLanguage":"en-US","@id":"https:\/\/murartesanias.com\/#\/schema\/logo\/image\/","url":"https:\/\/murartesanias.com\/wp-content\/uploads\/2023\/06\/Logo_Mur.png","contentUrl":"https:\/\/murartesanias.com\/wp-content\/uploads\/2023\/06\/Logo_Mur.png","width":130,"height":111,"caption":"Mur Artesanias"},"image":{"@id":"https:\/\/murartesanias.com\/#\/schema\/logo\/image\/"},"sameAs":["https:\/\/www.facebook.com\/murartesanias\/","https:\/\/www.instagram.com\/murartesanias\/"]}]}},"_links":{"self":[{"href":"https:\/\/murartesanias.com\/en\/wp-json\/wp\/v2\/pages\/409","targetHints":{"allow":["GET"]}}],"collection":[{"href":"https:\/\/murartesanias.com\/en\/wp-json\/wp\/v2\/pages"}],"about":[{"href":"https:\/\/murartesanias.com\/en\/wp-json\/wp\/v2\/types\/page"}],"author":[{"embeddable":true,"href":"https:\/\/murartesanias.com\/en\/wp-json\/wp\/v2\/users\/1"}],"replies":[{"embeddable":true,"href":"https:\/\/murartesanias.com\/en\/wp-json\/wp\/v2\/comments?post=409"}],"version-history":[{"count":4,"href":"https:\/\/murartesanias.com\/en\/wp-json\/wp\/v2\/pages\/409\/revisions"}],"predecessor-version":[{"id":413,"href":"https:\/\/murartesanias.com\/en\/wp-json\/wp\/v2\/pages\/409\/revisions\/413"}],"wp:attachment":[{"href":"https:\/\/murartesanias.com\/en\/wp-json\/wp\/v2\/media?parent=409"}],"curies":[{"name":"wp","href":"https:\/\/api.w.org\/{rel}","templated":true}]}}