{"id":376,"date":"2023-08-12T16:52:17","date_gmt":"2023-08-12T16:52:17","guid":{"rendered":"https:\/\/murartesanias.com\/?page_id=376"},"modified":"2023-08-12T19:06:08","modified_gmt":"2023-08-12T19:06:08","slug":"politica-de-privacidad","status":"publish","type":"page","link":"https:\/\/murartesanias.com\/en\/politica-de-privacidad\/","title":{"rendered":"Privacy Policy"},"content":{"rendered":"<div data-elementor-type=\"wp-page\" data-elementor-id=\"376\" class=\"elementor elementor-376\">\n\t\t\t\t\t\t<section class=\"elementor-section elementor-top-section elementor-element elementor-element-3dd6dcd elementor-section-boxed elementor-section-height-default elementor-section-height-default\" data-id=\"3dd6dcd\" data-element_type=\"section\">\n\t\t\t\t\t\t<div class=\"elementor-container elementor-column-gap-default\">\n\t\t\t\t\t<div class=\"elementor-column elementor-col-100 elementor-top-column elementor-element elementor-element-e5f4bf6\" data-id=\"e5f4bf6\" data-element_type=\"column\">\n\t\t\t<div class=\"elementor-widget-wrap elementor-element-populated\">\n\t\t\t\t\t\t<div class=\"elementor-element elementor-element-f2a8f96 elementor-widget elementor-widget-heading\" data-id=\"f2a8f96\" data-element_type=\"widget\" data-widget_type=\"heading.default\">\n\t\t\t\t<div class=\"elementor-widget-container\">\n\t\t\t<style>\/*! elementor - v3.23.0 - 15-07-2024 *\/\n.elementor-heading-title{padding:0;margin:0;line-height:1}.elementor-widget-heading .elementor-heading-title[class*=elementor-size-]>a{color:inherit;font-size:inherit;line-height:inherit}.elementor-widget-heading .elementor-heading-title.elementor-size-small{font-size:15px}.elementor-widget-heading .elementor-heading-title.elementor-size-medium{font-size:19px}.elementor-widget-heading .elementor-heading-title.elementor-size-large{font-size:29px}.elementor-widget-heading .elementor-heading-title.elementor-size-xl{font-size:39px}.elementor-widget-heading .elementor-heading-title.elementor-size-xxl{font-size:59px}<\/style><h2 class=\"elementor-heading-title elementor-size-default\">Privacy Policy<\/h2>\t\t<\/div>\n\t\t\t\t<\/div>\n\t\t\t\t<div class=\"elementor-element elementor-element-bcb1c94 elementor-widget elementor-widget-text-editor\" data-id=\"bcb1c94\" data-element_type=\"widget\" data-widget_type=\"text-editor.default\">\n\t\t\t\t<div class=\"elementor-widget-container\">\n\t\t\t<style>\/*! elementor - v3.23.0 - 15-07-2024 *\/\n.elementor-widget-text-editor.elementor-drop-cap-view-stacked .elementor-drop-cap{background-color:#69727d;color:#fff}.elementor-widget-text-editor.elementor-drop-cap-view-framed .elementor-drop-cap{color:#69727d;border:3px solid;background-color:transparent}.elementor-widget-text-editor:not(.elementor-drop-cap-view-default) .elementor-drop-cap{margin-top:8px}.elementor-widget-text-editor:not(.elementor-drop-cap-view-default) .elementor-drop-cap-letter{width:1em;height:1em}.elementor-widget-text-editor .elementor-drop-cap{float:left;text-align:center;line-height:1;font-size:50px}.elementor-widget-text-editor .elementor-drop-cap-letter{display:inline-block}<\/style>\t\t\t\t<p style=\"padding-left: 40px;\"><strong>1. GENERAL<\/strong><\/p><ul><li style=\"list-style-type: none;\"><ul><li style=\"text-align: justify;\">The following terms and conditions apply at the time you make a purchase from MUR ARTESAN\u00cdAS \u201cMUR\u201d \u201cUs\u201d, through the website www.murartesanias.com<\/li><li style=\"text-align: justify;\">To place your order you must accept the terms and conditions (the \u201cTerms\u201d) therefore before making your purchase it is important to make sure you have completely read the Terms.<\/li><\/ul><\/li><\/ul>\t\t\t\t\t\t<\/div>\n\t\t\t\t<\/div>\n\t\t\t\t<div class=\"elementor-element elementor-element-f58c2c7 elementor-widget elementor-widget-text-editor\" data-id=\"f58c2c7\" data-element_type=\"widget\" data-widget_type=\"text-editor.default\">\n\t\t\t\t<div class=\"elementor-widget-container\">\n\t\t\t\t\t\t\t<p style=\"padding-left: 40px;\"><strong>2. <\/strong><strong>ORDER POLICIES<\/strong><\/p>\n\n<ul>\n \t<li style=\"list-style-type: none;\">\n<ul>\n \t<li>\n<p class=\"p1\" style=\"text-align: justify;\">To place your order you can add the product you want to your shopping cart using the \u201cAdd to cart\u201d button. When you complete the order with the selected payment option, you are making a binding offer to purchase the products in the shopping cart. We will send you an automatic email notification that your order has been placed as soon as payment has been confirmed by the bank. If we approve your order, we will send you a shipping confirmation email with all the relevant information about your order.<\/p>\n<\/li>\n \t<li>\n<p class=\"p1\" style=\"text-align: justify;\">Once the entire value of the order is paid, the respective shipment will be coordinated. The payment will be considered effective when it is confirmed by the bank. For cases of sales other than a website, the client must send proof of payment to the advisor in charge of the transaction.<\/p>\n<\/li>\n \t<li>\n<p class=\"p1\" style=\"text-align: justify;\">MUR estimates that the products will be delivered within the times stipulated in the order. If for any reason we cannot fulfill your order, we will let you know as soon as possible. The client knows and accepts that since these are products manufactured in a 100% artisanal way, exclusive and tailored to the client&#039;s needs, it is possible that situations may arise that may postpone the estimated delivery date of the purchased products for up to days (15) days. , without this being considered a breach on the part of MUR that gives the client the right to terminate the contract or exercise a right of withdrawal, in cases where the law allows waiving said right or does not contemplate it.<\/p>\n<\/li>\n \t<li>\n<p class=\"p1\" style=\"text-align: justify;\">We reserve the right not to approve your order for any operational, regulatory, legal or other reason.<\/p>\n<\/li>\n \t<li>\n<p class=\"p1\" style=\"text-align: justify;\">You will receive the respective electronic invoice to the registered email once the order is shipped.<\/p>\n<\/li>\n<\/ul>\n<\/li>\n<\/ul>\t\t\t\t\t\t<\/div>\n\t\t\t\t<\/div>\n\t\t\t\t<div class=\"elementor-element elementor-element-d5cd3c3 elementor-widget elementor-widget-text-editor\" data-id=\"d5cd3c3\" data-element_type=\"widget\" data-widget_type=\"text-editor.default\">\n\t\t\t\t<div class=\"elementor-widget-container\">\n\t\t\t\t\t\t\t<p style=\"padding-left: 40px;\"><strong>3. TERMS OF SERVICE<\/strong><\/p>\n\n<ul>\n \t<li style=\"list-style-type: none;\">\n<ul>\n \t<li>\n<p class=\"p1\" style=\"text-align: justify;\">By entering and\/or using our website, the client and\/or consumer expressly and voluntarily accepts that they have read, understood and accepted these Terms and Conditions of Use and that this is done under their exclusive responsibility and risk.<\/p>\n<\/li>\n<\/ul>\n<\/li>\n<\/ul>\t\t\t\t\t\t<\/div>\n\t\t\t\t<\/div>\n\t\t\t\t<div class=\"elementor-element elementor-element-31020d8 elementor-widget elementor-widget-text-editor\" data-id=\"31020d8\" data-element_type=\"widget\" data-widget_type=\"text-editor.default\">\n\t\t\t\t<div class=\"elementor-widget-container\">\n\t\t\t\t\t\t\t<p style=\"padding-left: 40px;\"><strong>4. <\/strong><strong>USER STATEMENTS<\/strong><\/p><ul><li style=\"list-style-type: none;\"><ul><li><p class=\"p1\" style=\"text-align: justify;\">By entering this site, I declare that the information provided here agrees with reality and I assume full responsibility for its veracity. Likewise, I undertake to update this information in the event of any modification or change.\u00a0\u00a0\u00a0\u00a0<\/p><\/li><\/ul><\/li><\/ul>\t\t\t\t\t\t<\/div>\n\t\t\t\t<\/div>\n\t\t\t\t<div class=\"elementor-element elementor-element-ffb3267 elementor-widget elementor-widget-text-editor\" data-id=\"ffb3267\" data-element_type=\"widget\" data-widget_type=\"text-editor.default\">\n\t\t\t\t<div class=\"elementor-widget-container\">\n\t\t\t\t\t\t\t<p style=\"padding-left: 40px;\"><strong>5. INTELLECTUAL PROPERTY RIGHTS<\/strong><\/p><ul><li style=\"list-style-type: none;\"><ul><li><p class=\"p1\">All intellectual property rights, as well as trademarks and copyrights contained on our website www.murartesanias.com belong to MUR ARTESANIAS SAS or its licensors. Any use of murartesanias.com.co or its content, including copying or storing all or part of said content, other than for the client&#039;s personal use or non-commercial use, is prohibited without the permission of MUR.<\/p><\/li><\/ul><\/li><\/ul>\t\t\t\t\t\t<\/div>\n\t\t\t\t<\/div>\n\t\t\t\t\t<\/div>\n\t\t<\/div>\n\t\t\t\t\t<\/div>\n\t\t<\/section>\n\t\t\t\t<\/div>","protected":false},"excerpt":{"rendered":"<p>Privacy Policy 1. GENERAL The following terms and conditions apply at the time you make a purchase from MUR ARTESAN\u00cdAS \u201cMUR\u201d \u201cUs\u201d, through the website www.murartesanias.com To place your order you must accept the terms and conditions (the \u201cTerms\u201d) therefore before making your purchase it is important to [\u2026]<\/p>","protected":false},"author":1,"featured_media":0,"parent":0,"menu_order":0,"comment_status":"closed","ping_status":"closed","template":"","meta":{"footnotes":""},"class_list":["post-376","page","type-page","status-publish","hentry"],"acf":[],"yoast_head":"<!-- This site is optimized with the Yoast SEO plugin v23.0 - https:\/\/yoast.com\/wordpress\/plugins\/seo\/ -->\n<title>Pol\u00edtica de privacidad - Mur Artesanias<\/title>\n<meta name=\"robots\" content=\"index, follow, max-snippet:-1, max-image-preview:large, max-video-preview:-1\" \/>\n<link rel=\"canonical\" href=\"https:\/\/murartesanias.com\/en\/politica-de-privacidad\/\" \/>\n<meta property=\"og:locale\" content=\"en_US\" \/>\n<meta property=\"og:type\" content=\"article\" \/>\n<meta property=\"og:title\" content=\"Pol\u00edtica de privacidad - Mur Artesanias\" \/>\n<meta property=\"og:description\" content=\"Pol\u00edtica de privacidad 1. GENERAL Los siguientes t\u00e9rminos y condiciones se aplican en el momento en el que realices una compra a MUR ARTESAN\u00cdAS \u201cMUR\u201d \u201cNosotros\u201d, por medio del sitio web www.murartesanias.com Para realizar tu pedido debes aceptar los t\u00e9rminos y condiciones (los \u201cT\u00e9rminos\u201d) por lo tanto antes de realizar tu compra es importante te [&hellip;]\" \/>\n<meta property=\"og:url\" content=\"https:\/\/murartesanias.com\/en\/politica-de-privacidad\/\" \/>\n<meta property=\"og:site_name\" content=\"Mur Artesanias\" \/>\n<meta property=\"article:publisher\" content=\"https:\/\/www.facebook.com\/murartesanias\/\" \/>\n<meta property=\"article:modified_time\" content=\"2023-08-12T19:06:08+00:00\" \/>\n<meta name=\"twitter:card\" content=\"summary_large_image\" \/>\n<meta name=\"twitter:label1\" content=\"Est. reading time\" \/>\n\t<meta name=\"twitter:data1\" content=\"3 minutes\" \/>\n<script type=\"application\/ld+json\" class=\"yoast-schema-graph\">{\"@context\":\"https:\/\/schema.org\",\"@graph\":[{\"@type\":\"WebPage\",\"@id\":\"https:\/\/murartesanias.com\/politica-de-privacidad\/\",\"url\":\"https:\/\/murartesanias.com\/politica-de-privacidad\/\",\"name\":\"Pol\u00edtica de privacidad - Mur Artesanias\",\"isPartOf\":{\"@id\":\"https:\/\/murartesanias.com\/#website\"},\"datePublished\":\"2023-08-12T16:52:17+00:00\",\"dateModified\":\"2023-08-12T19:06:08+00:00\",\"breadcrumb\":{\"@id\":\"https:\/\/murartesanias.com\/politica-de-privacidad\/#breadcrumb\"},\"inLanguage\":\"en-US\",\"potentialAction\":[{\"@type\":\"ReadAction\",\"target\":[\"https:\/\/murartesanias.com\/politica-de-privacidad\/\"]}]},{\"@type\":\"BreadcrumbList\",\"@id\":\"https:\/\/murartesanias.com\/politica-de-privacidad\/#breadcrumb\",\"itemListElement\":[{\"@type\":\"ListItem\",\"position\":1,\"name\":\"Inicio\",\"item\":\"https:\/\/murartesanias.com\/\"},{\"@type\":\"ListItem\",\"position\":2,\"name\":\"Pol\u00edtica de privacidad\"}]},{\"@type\":\"WebSite\",\"@id\":\"https:\/\/murartesanias.com\/#website\",\"url\":\"https:\/\/murartesanias.com\/\",\"name\":\"Mur Artesanias\",\"description\":\"Tradicion Hecha Arte\",\"publisher\":{\"@id\":\"https:\/\/murartesanias.com\/#organization\"},\"potentialAction\":[{\"@type\":\"SearchAction\",\"target\":{\"@type\":\"EntryPoint\",\"urlTemplate\":\"https:\/\/murartesanias.com\/?s={search_term_string}\"},\"query-input\":\"required name=search_term_string\"}],\"inLanguage\":\"en-US\"},{\"@type\":\"Organization\",\"@id\":\"https:\/\/murartesanias.com\/#organization\",\"name\":\"Mur Artesanias\",\"url\":\"https:\/\/murartesanias.com\/\",\"logo\":{\"@type\":\"ImageObject\",\"inLanguage\":\"en-US\",\"@id\":\"https:\/\/murartesanias.com\/#\/schema\/logo\/image\/\",\"url\":\"https:\/\/murartesanias.com\/wp-content\/uploads\/2023\/06\/Logo_Mur.png\",\"contentUrl\":\"https:\/\/murartesanias.com\/wp-content\/uploads\/2023\/06\/Logo_Mur.png\",\"width\":130,\"height\":111,\"caption\":\"Mur Artesanias\"},\"image\":{\"@id\":\"https:\/\/murartesanias.com\/#\/schema\/logo\/image\/\"},\"sameAs\":[\"https:\/\/www.facebook.com\/murartesanias\/\",\"https:\/\/www.instagram.com\/murartesanias\/\"]}]}<\/script>\n<!-- \/ Yoast SEO plugin. -->","yoast_head_json":{"title":"Pol\u00edtica de privacidad - Mur Artesanias","robots":{"index":"index","follow":"follow","max-snippet":"max-snippet:-1","max-image-preview":"max-image-preview:large","max-video-preview":"max-video-preview:-1"},"canonical":"https:\/\/murartesanias.com\/en\/politica-de-privacidad\/","og_locale":"en_US","og_type":"article","og_title":"Pol\u00edtica de privacidad - Mur Artesanias","og_description":"Pol\u00edtica de privacidad 1. GENERAL Los siguientes t\u00e9rminos y condiciones se aplican en el momento en el que realices una compra a MUR ARTESAN\u00cdAS \u201cMUR\u201d \u201cNosotros\u201d, por medio del sitio web www.murartesanias.com Para realizar tu pedido debes aceptar los t\u00e9rminos y condiciones (los \u201cT\u00e9rminos\u201d) por lo tanto antes de realizar tu compra es importante te [&hellip;]","og_url":"https:\/\/murartesanias.com\/en\/politica-de-privacidad\/","og_site_name":"Mur Artesanias","article_publisher":"https:\/\/www.facebook.com\/murartesanias\/","article_modified_time":"2023-08-12T19:06:08+00:00","twitter_card":"summary_large_image","twitter_misc":{"Est. reading time":"3 minutes"},"schema":{"@context":"https:\/\/schema.org","@graph":[{"@type":"WebPage","@id":"https:\/\/murartesanias.com\/politica-de-privacidad\/","url":"https:\/\/murartesanias.com\/politica-de-privacidad\/","name":"Pol\u00edtica de privacidad - Mur Artesanias","isPartOf":{"@id":"https:\/\/murartesanias.com\/#website"},"datePublished":"2023-08-12T16:52:17+00:00","dateModified":"2023-08-12T19:06:08+00:00","breadcrumb":{"@id":"https:\/\/murartesanias.com\/politica-de-privacidad\/#breadcrumb"},"inLanguage":"en-US","potentialAction":[{"@type":"ReadAction","target":["https:\/\/murartesanias.com\/politica-de-privacidad\/"]}]},{"@type":"BreadcrumbList","@id":"https:\/\/murartesanias.com\/politica-de-privacidad\/#breadcrumb","itemListElement":[{"@type":"ListItem","position":1,"name":"Inicio","item":"https:\/\/murartesanias.com\/"},{"@type":"ListItem","position":2,"name":"Pol\u00edtica de privacidad"}]},{"@type":"WebSite","@id":"https:\/\/murartesanias.com\/#website","url":"https:\/\/murartesanias.com\/","name":"Mur Artesanias","description":"Tradicion Hecha Arte","publisher":{"@id":"https:\/\/murartesanias.com\/#organization"},"potentialAction":[{"@type":"SearchAction","target":{"@type":"EntryPoint","urlTemplate":"https:\/\/murartesanias.com\/?s={search_term_string}"},"query-input":"required name=search_term_string"}],"inLanguage":"en-US"},{"@type":"Organization","@id":"https:\/\/murartesanias.com\/#organization","name":"Mur Artesanias","url":"https:\/\/murartesanias.com\/","logo":{"@type":"ImageObject","inLanguage":"en-US","@id":"https:\/\/murartesanias.com\/#\/schema\/logo\/image\/","url":"https:\/\/murartesanias.com\/wp-content\/uploads\/2023\/06\/Logo_Mur.png","contentUrl":"https:\/\/murartesanias.com\/wp-content\/uploads\/2023\/06\/Logo_Mur.png","width":130,"height":111,"caption":"Mur Artesanias"},"image":{"@id":"https:\/\/murartesanias.com\/#\/schema\/logo\/image\/"},"sameAs":["https:\/\/www.facebook.com\/murartesanias\/","https:\/\/www.instagram.com\/murartesanias\/"]}]}},"_links":{"self":[{"href":"https:\/\/murartesanias.com\/en\/wp-json\/wp\/v2\/pages\/376","targetHints":{"allow":["GET"]}}],"collection":[{"href":"https:\/\/murartesanias.com\/en\/wp-json\/wp\/v2\/pages"}],"about":[{"href":"https:\/\/murartesanias.com\/en\/wp-json\/wp\/v2\/types\/page"}],"author":[{"embeddable":true,"href":"https:\/\/murartesanias.com\/en\/wp-json\/wp\/v2\/users\/1"}],"replies":[{"embeddable":true,"href":"https:\/\/murartesanias.com\/en\/wp-json\/wp\/v2\/comments?post=376"}],"version-history":[{"count":28,"href":"https:\/\/murartesanias.com\/en\/wp-json\/wp\/v2\/pages\/376\/revisions"}],"predecessor-version":[{"id":408,"href":"https:\/\/murartesanias.com\/en\/wp-json\/wp\/v2\/pages\/376\/revisions\/408"}],"wp:attachment":[{"href":"https:\/\/murartesanias.com\/en\/wp-json\/wp\/v2\/media?parent=376"}],"curies":[{"name":"wp","href":"https:\/\/api.w.org\/{rel}","templated":true}]}}